{"id":45,"date":"2017-10-10T08:47:42","date_gmt":"2017-10-10T08:47:42","guid":{"rendered":"https:\/\/spielereischwabach.de\/wordpress\/?page_id=45"},"modified":"2025-12-14T18:01:14","modified_gmt":"2025-12-14T17:01:14","slug":"our-services","status":"publish","type":"page","link":"https:\/\/spielereischwabach.de\/wordpress\/our-services\/","title":{"rendered":"B\u00fccher"},"content":{"rendered":"<section class=\"wpb-content-wrapper\"><p>[vc_row][vc_column][vc_column_text]<\/p>\r\n<h5 style=\"text-align: center;\"><strong>B\u00fccher<\/strong><\/h5>\r\n<p>[\/vc_column_text][vc_column_text]<\/p>\r\n<div class=\"wp-block-group\"><div class=\"wp-block-group__inner-container is-layout-constrained wp-block-group-is-layout-constrained\"><style>#jtg-1302 .modula-item .jtg-social a, .lightbox-socials.jtg-social a{ fill: #ffffff; color: #ffffff }#jtg-1302 .modula-item .jtg-social-mobile a{ fill: #ffffff; color: #ffffff }#jtg-1302 .modula-item .jtg-social svg, .lightbox-socials.jtg-social svg { height: 16px; width: 16px }#jtg-1302 .modula-item .jtg-social-mobile svg { height: 16px; width: 16px }#jtg-1302 .modula-item .jtg-social a:not(:last-child), .lightbox-socials.jtg-social a:not(:last-child) { margin-right: 10px }#jtg-1302 .modula-item .jtg-social-mobile .jtg-social-mobile-icons a:not(:last-child){ margin-right: 10px }#jtg-1302 .modula-item .figc {color:#ffffff;}#jtg-1302 .modula-item .figc .jtg-title {  font-size: 16px; }#jtg-1302 .modula-item .modula-item-content { transform: scale(1) }#jtg-1302 .modula-items .figc p.description { font-size:14px; }#jtg-1302 .modula-items .figc p.description { color:#ffffff;}#jtg-1302 .modula-items .figc .jtg-title { color:#ffffff; }#jtg-1302.modula-gallery .modula-item > a, #jtg-1302.modula-gallery .modula-item, #jtg-1302.modula-gallery .modula-item-content > a:not(.modula-no-follow) { cursor:zoom-in; } #jtg-1302.modula-gallery .modula-item-content .modula-no-follow { cursor: default; } @media screen and (max-width:480px){#jtg-1302 .modula-item .figc .jtg-title {  font-size: 12px; }#jtg-1302 .modula-items .figc p.description { color:#ffffff;font-size:10px; }}<\/style>\n<!-- Gallery Container -->\n<div  id=\"jtg-1302\" class=\"modula modula-gallery modula-custom-grid\" data-config=\"{&quot;height&quot;:800,&quot;tabletHeight&quot;:800,&quot;mobileHeight&quot;:800,&quot;desktopHeight&quot;:800,&quot;enableTwitter&quot;:false,&quot;enableWhatsapp&quot;:false,&quot;enableFacebook&quot;:false,&quot;enablePinterest&quot;:false,&quot;enableLinkedin&quot;:false,&quot;enableEmail&quot;:false,&quot;randomFactor&quot;:0.5,&quot;type&quot;:&quot;custom-grid&quot;,&quot;columns&quot;:12,&quot;gutter&quot;:10,&quot;mobileGutter&quot;:10,&quot;tabletGutter&quot;:10,&quot;desktopGutter&quot;:10,&quot;enableResponsive&quot;:&quot;0&quot;,&quot;tabletColumns&quot;:2,&quot;mobileColumns&quot;:1,&quot;lazyLoad&quot;:true,&quot;lightboxOpts&quot;:{&quot;animated&quot;:true,&quot;Thumbs&quot;:{&quot;type&quot;:&quot;modern&quot;,&quot;showOnStart&quot;:false},&quot;Toolbar&quot;:{&quot;display&quot;:{&quot;right&quot;:[&quot;close&quot;]},&quot;enabled&quot;:true},&quot;Carousel&quot;:{&quot;Panzoom&quot;:{&quot;touch&quot;:false},&quot;infinite&quot;:false},&quot;keyboard&quot;:{&quot;Escape&quot;:&quot;close&quot;,&quot;Delete&quot;:&quot;close&quot;,&quot;Backspace&quot;:&quot;close&quot;,&quot;PageUp&quot;:false,&quot;PageDown&quot;:false,&quot;ArrowUp&quot;:false,&quot;ArrowDown&quot;:false,&quot;ArrowRight&quot;:false,&quot;ArrowLeft&quot;:false},&quot;touch&quot;:false,&quot;backdropClick&quot;:false,&quot;l10n&quot;:{&quot;CLOSE&quot;:&quot;Close&quot;,&quot;NEXT&quot;:&quot;Next&quot;,&quot;PREV&quot;:&quot;Previous&quot;,&quot;Error&quot;:&quot;The requested content cannot be loaded. Please try again later.&quot;,&quot;PLAY_START&quot;:&quot;Start slideshow&quot;,&quot;PLAY_STOP&quot;:&quot;Pause slideshow&quot;,&quot;FULL_SCREEN&quot;:&quot;Full screen&quot;,&quot;THUMBS&quot;:&quot;Thumbnails&quot;,&quot;DOWNLOAD&quot;:&quot;Download&quot;,&quot;SHARE&quot;:&quot;Share&quot;,&quot;ZOOM&quot;:&quot;Zoom&quot;,&quot;EMAIL&quot;:&quot;Here is the link to the image : %%image_link%% and this is the link to the gallery : %%gallery_link%%&quot;,&quot;MODAL&quot;:&quot;You can close this modal content with the ESC key&quot;,&quot;ERROR&quot;:&quot;Something Went Wrong, Please Try Again Later&quot;,&quot;IMAGE_ERROR&quot;:&quot;Image Not Found&quot;,&quot;ELEMENT_NOT_FOUND&quot;:&quot;HTML Element Not Found&quot;,&quot;AJAX_NOT_FOUND&quot;:&quot;Error Loading AJAX : Not Found&quot;,&quot;AJAX_FORBIDDEN&quot;:&quot;Error Loading AJAX : Forbidden&quot;,&quot;IFRAME_ERROR&quot;:&quot;Error Loading Page&quot;,&quot;TOGGLE_ZOOM&quot;:&quot;Toggle zoom level&quot;,&quot;TOGGLE_THUMBS&quot;:&quot;Toggle thumbnails&quot;,&quot;TOGGLE_SLIDESHOW&quot;:&quot;Toggle slideshow&quot;,&quot;TOGGLE_FULLSCREEN&quot;:&quot;Toggle full-screen mode&quot;},&quot;Images&quot;:{&quot;Panzoom&quot;:{&quot;maxScale&quot;:2}},&quot;mainClass&quot;:&quot;modula-fancybox-container modula-lightbox-jtg-1302&quot;,&quot;Html&quot;:{&quot;videoAutoplay&quot;:0,&quot;videoTpl&quot;:&quot;&lt;video class=\\&quot;fancybox__html5video\\&quot; controls muted playsinline controlsList controlsList=\\&quot;nodownload\\&quot; poster=\\&quot;{{poster}}\\&quot; src=\\&quot;{{src}}\\&quot; type=\\&quot;{{format}}\\&quot; &gt;  Sorry, your browser doesn&#039;t support embedded videos, &lt;a href=\\&quot;{{src}}\\&quot;&gt; download &lt;\\\/a&gt; and watch with your favorite video player! &lt;\\\/video&gt;&quot;}},&quot;inView&quot;:false,&quot;email_subject&quot;:&quot;Check out this awesome image !!&quot;,&quot;email_message&quot;:&quot;Here is the link to the image : %%image_link%% and this is the link to the gallery : %%gallery_link%%&quot;,&quot;lightbox&quot;:&quot;fancybox&quot;}\">\n\n\t\n\t<!-- Items Container -->\n\t<div  class=\"modula-items\">\n\t\t<div class=\"modula-item effect-pufrobo\" data-width=\"2\" data-height=\"2\" >\n\t<div class=\"modula-item-overlay\"><\/div>\n\n\t<div class=\"modula-item-content\">\n\n\t\t\t\t\n\t\t\t\t\t<a data-image-id=\"1311\" tabindex=\"0\" rel=\"jtg-1302\" data-caption=\"Luna und die schauerlich-beste Familie der Welt\nErz\u00e4hlt von einem ganz normalen Menschenm\u00e4dchen, das in einem alten Schloss bei einer Vampirfamilie lebt.\nKlar, dass davon niemand etwas wissen darf! Vor lauter Geheimniskr\u00e4merei f\u00fchlt sich Luna manchmal richtig\u00a0Einsam. Doch dann zieht die gleichaltrige Annemie ins Haus gegen\u00fcber. Die beiden M\u00e4dchen schlie\u00dfen sofort Freundschaft. Aber wie verheimlicht man seiner besten Freundin einen vorlauten Hausgeist oder einen wuseligen Skeletthund?\n\nAb 9 Jahren\" aria-label=\"Open image in lightbox\" role=\"button\" class=\"tile-inner modula-item-link\"><\/a>\n\t\t\n\t\t<img class=\"pic wp-image-1311 lazyload\"  data-valign=\"middle\" data-halign=\"center\" alt=\"Ab 9 Jahren\" data-full=\"https:\/\/spielereischwabach.de\/wordpress\/wp-content\/uploads\/2025\/03\/luna-1.jpg\" title=\"Luna\" width=\"215\" height=\"300\" data-src=\"https:\/\/spielereischwabach.de\/wordpress\/wp-content\/uploads\/2025\/03\/luna-1-215x300.jpg\" data-caption=\"Luna und die schauerlich-beste Familie der Welt\nErz\u00e4hlt von einem ganz normalen Menschenm\u00e4dchen, das in einem alten Schloss bei einer Vampirfamilie lebt.\nKlar, dass davon niemand etwas wissen darf! Vor lauter Geheimniskr\u00e4merei f\u00fchlt sich Luna manchmal richtig\u00a0Einsam. Doch dann zieht die gleichaltrige Annemie ins Haus gegen\u00fcber. Die beiden M\u00e4dchen schlie\u00dfen sofort Freundschaft. Aber wie verheimlicht man seiner besten Freundin einen vorlauten Hausgeist oder einen wuseligen Skeletthund?\n\nAb 9 Jahren\" data-source=\"modula\" data-srcset=\"https:\/\/spielereischwabach.de\/wordpress\/wp-content\/uploads\/2025\/03\/luna-1.jpg 1282w, https:\/\/spielereischwabach.de\/wordpress\/wp-content\/uploads\/2025\/03\/luna-1-215x300.jpg 215w, https:\/\/spielereischwabach.de\/wordpress\/wp-content\/uploads\/2025\/03\/luna-1-735x1024.jpg 735w, https:\/\/spielereischwabach.de\/wordpress\/wp-content\/uploads\/2025\/03\/luna-1-768x1071.jpg 768w, https:\/\/spielereischwabach.de\/wordpress\/wp-content\/uploads\/2025\/03\/luna-1-1102x1536.jpg 1102w, https:\/\/spielereischwabach.de\/wordpress\/wp-content\/uploads\/2025\/03\/luna-1-370x516.jpg 370w, https:\/\/spielereischwabach.de\/wordpress\/wp-content\/uploads\/2025\/03\/luna-1-760x1059.jpg 760w, https:\/\/spielereischwabach.de\/wordpress\/wp-content\/uploads\/2025\/03\/luna-1-740x1031.jpg 740w\" data-sizes=\"(max-width: 215px) 100vw, 215px\" srcset=\"https:\/\/spielereischwabach.de\/wordpress\/wp-content\/uploads\/2025\/03\/luna-1-215x300.jpg 215w, https:\/\/spielereischwabach.de\/wordpress\/wp-content\/uploads\/2025\/03\/luna-1-735x1024.jpg 735w, https:\/\/spielereischwabach.de\/wordpress\/wp-content\/uploads\/2025\/03\/luna-1-768x1071.jpg 768w, https:\/\/spielereischwabach.de\/wordpress\/wp-content\/uploads\/2025\/03\/luna-1-1102x1536.jpg 1102w, https:\/\/spielereischwabach.de\/wordpress\/wp-content\/uploads\/2025\/03\/luna-1-370x516.jpg 370w, https:\/\/spielereischwabach.de\/wordpress\/wp-content\/uploads\/2025\/03\/luna-1-760x1059.jpg 760w, https:\/\/spielereischwabach.de\/wordpress\/wp-content\/uploads\/2025\/03\/luna-1-740x1031.jpg 740w, https:\/\/spielereischwabach.de\/wordpress\/wp-content\/uploads\/2025\/03\/luna-1.jpg 1282w\" sizes=\"(max-width: 215px) 100vw, 215px\" \/>\n\t\t<div class=\"figc\">\n\t\t\t<div class=\"figc-inner\">\n\t\t\t\t\t\t\t\t\t\t\t\t\t<p class=\"description\">Luna und die schauerlich-beste Familie der Welt\nErz\u00e4hlt von einem ganz normalen Menschenm\u00e4dchen, das in einem alten Schloss bei einer Vampirfamilie lebt.\nKlar, dass davon niemand etwas wissen darf! Vor lauter Geheimniskr\u00e4merei f\u00fchlt sich Luna manchmal richtig\u00a0Einsam. Doch dann zieht die gleichaltrige Annemie ins Haus gegen\u00fcber. Die beiden M\u00e4dchen schlie\u00dfen sofort Freundschaft. Aber wie verheimlicht man seiner besten Freundin einen vorlauten Hausgeist oder einen wuseligen Skeletthund?\n\nAb 9 Jahren<\/p>\n\t\t\t\t\t\t\t\t\t\t\t<\/div>\n\t\t<\/div>\n\n\t<\/div>\n\n<\/div><div class=\"modula-item effect-pufrobo\" data-width=\"2\" data-height=\"2\" >\n\t<div class=\"modula-item-overlay\"><\/div>\n\n\t<div class=\"modula-item-content\">\n\n\t\t\t\t\n\t\t\t\t\t<a data-image-id=\"1315\" tabindex=\"0\" rel=\"jtg-1302\" data-caption=\"\" aria-label=\"Open image in lightbox\" role=\"button\" class=\"tile-inner modula-item-link\"><\/a>\n\t\t\n\t\t<img class=\"pic wp-image-1315 lazyload\"  data-valign=\"middle\" data-halign=\"center\" alt=\"\" data-full=\"https:\/\/spielereischwabach.de\/wordpress\/wp-content\/uploads\/2025\/03\/so_schlafen_tiere-1.jpg\" title=\"so_schlafen_tiere\" width=\"215\" height=\"300\" data-src=\"https:\/\/spielereischwabach.de\/wordpress\/wp-content\/uploads\/2025\/03\/so_schlafen_tiere-1-215x300.jpg\" data-caption=\"\" data-source=\"modula\" data-srcset=\"https:\/\/spielereischwabach.de\/wordpress\/wp-content\/uploads\/2025\/03\/so_schlafen_tiere-1.jpg 1282w, https:\/\/spielereischwabach.de\/wordpress\/wp-content\/uploads\/2025\/03\/so_schlafen_tiere-1-215x300.jpg 215w, https:\/\/spielereischwabach.de\/wordpress\/wp-content\/uploads\/2025\/03\/so_schlafen_tiere-1-735x1024.jpg 735w, https:\/\/spielereischwabach.de\/wordpress\/wp-content\/uploads\/2025\/03\/so_schlafen_tiere-1-768x1071.jpg 768w, https:\/\/spielereischwabach.de\/wordpress\/wp-content\/uploads\/2025\/03\/so_schlafen_tiere-1-1102x1536.jpg 1102w, https:\/\/spielereischwabach.de\/wordpress\/wp-content\/uploads\/2025\/03\/so_schlafen_tiere-1-370x516.jpg 370w, https:\/\/spielereischwabach.de\/wordpress\/wp-content\/uploads\/2025\/03\/so_schlafen_tiere-1-760x1059.jpg 760w, https:\/\/spielereischwabach.de\/wordpress\/wp-content\/uploads\/2025\/03\/so_schlafen_tiere-1-740x1031.jpg 740w\" data-sizes=\"(max-width: 215px) 100vw, 215px\" srcset=\"https:\/\/spielereischwabach.de\/wordpress\/wp-content\/uploads\/2025\/03\/so_schlafen_tiere-1-215x300.jpg 215w, https:\/\/spielereischwabach.de\/wordpress\/wp-content\/uploads\/2025\/03\/so_schlafen_tiere-1-735x1024.jpg 735w, https:\/\/spielereischwabach.de\/wordpress\/wp-content\/uploads\/2025\/03\/so_schlafen_tiere-1-768x1071.jpg 768w, https:\/\/spielereischwabach.de\/wordpress\/wp-content\/uploads\/2025\/03\/so_schlafen_tiere-1-1102x1536.jpg 1102w, https:\/\/spielereischwabach.de\/wordpress\/wp-content\/uploads\/2025\/03\/so_schlafen_tiere-1-370x516.jpg 370w, https:\/\/spielereischwabach.de\/wordpress\/wp-content\/uploads\/2025\/03\/so_schlafen_tiere-1-760x1059.jpg 760w, https:\/\/spielereischwabach.de\/wordpress\/wp-content\/uploads\/2025\/03\/so_schlafen_tiere-1-740x1031.jpg 740w, https:\/\/spielereischwabach.de\/wordpress\/wp-content\/uploads\/2025\/03\/so_schlafen_tiere-1.jpg 1282w\" sizes=\"(max-width: 215px) 100vw, 215px\" \/>\n\t\t<div class=\"figc no-description\">\n\t\t\t<div class=\"figc-inner\">\n\t\t\t\t\t\t\t\t\t\t\t\t\t\t\t<\/div>\n\t\t<\/div>\n\n\t<\/div>\n\n<\/div><div class=\"modula-item effect-pufrobo\" data-width=\"2\" data-height=\"2\" >\n\t<div class=\"modula-item-overlay\"><\/div>\n\n\t<div class=\"modula-item-content\">\n\n\t\t\t\t\n\t\t\t\t\t<a data-image-id=\"1310\" tabindex=\"0\" rel=\"jtg-1302\" data-caption=\"\" aria-label=\"Open image in lightbox\" role=\"button\" class=\"tile-inner modula-item-link\"><\/a>\n\t\t\n\t\t<img class=\"pic wp-image-1310 lazyload\"  data-valign=\"middle\" data-halign=\"center\" alt=\"\" data-full=\"https:\/\/spielereischwabach.de\/wordpress\/wp-content\/uploads\/2025\/03\/petronella_krawall_im_huehnerstall.jpg\" title=\"petronella_krawall_im_huehnerstall\" width=\"219\" height=\"300\" data-src=\"https:\/\/spielereischwabach.de\/wordpress\/wp-content\/uploads\/2025\/03\/petronella_krawall_im_huehnerstall-219x300.jpg\" data-caption=\"\" data-source=\"modula\" data-srcset=\"https:\/\/spielereischwabach.de\/wordpress\/wp-content\/uploads\/2025\/03\/petronella_krawall_im_huehnerstall.jpg 1282w, https:\/\/spielereischwabach.de\/wordpress\/wp-content\/uploads\/2025\/03\/petronella_krawall_im_huehnerstall-219x300.jpg 219w, https:\/\/spielereischwabach.de\/wordpress\/wp-content\/uploads\/2025\/03\/petronella_krawall_im_huehnerstall-746x1024.jpg 746w, https:\/\/spielereischwabach.de\/wordpress\/wp-content\/uploads\/2025\/03\/petronella_krawall_im_huehnerstall-768x1054.jpg 768w, https:\/\/spielereischwabach.de\/wordpress\/wp-content\/uploads\/2025\/03\/petronella_krawall_im_huehnerstall-1119x1536.jpg 1119w, https:\/\/spielereischwabach.de\/wordpress\/wp-content\/uploads\/2025\/03\/petronella_krawall_im_huehnerstall-370x508.jpg 370w, https:\/\/spielereischwabach.de\/wordpress\/wp-content\/uploads\/2025\/03\/petronella_krawall_im_huehnerstall-760x1043.jpg 760w, https:\/\/spielereischwabach.de\/wordpress\/wp-content\/uploads\/2025\/03\/petronella_krawall_im_huehnerstall-740x1016.jpg 740w\" data-sizes=\"(max-width: 219px) 100vw, 219px\" srcset=\"https:\/\/spielereischwabach.de\/wordpress\/wp-content\/uploads\/2025\/03\/petronella_krawall_im_huehnerstall-219x300.jpg 219w, https:\/\/spielereischwabach.de\/wordpress\/wp-content\/uploads\/2025\/03\/petronella_krawall_im_huehnerstall-746x1024.jpg 746w, https:\/\/spielereischwabach.de\/wordpress\/wp-content\/uploads\/2025\/03\/petronella_krawall_im_huehnerstall-768x1054.jpg 768w, https:\/\/spielereischwabach.de\/wordpress\/wp-content\/uploads\/2025\/03\/petronella_krawall_im_huehnerstall-1119x1536.jpg 1119w, https:\/\/spielereischwabach.de\/wordpress\/wp-content\/uploads\/2025\/03\/petronella_krawall_im_huehnerstall-370x508.jpg 370w, https:\/\/spielereischwabach.de\/wordpress\/wp-content\/uploads\/2025\/03\/petronella_krawall_im_huehnerstall-760x1043.jpg 760w, https:\/\/spielereischwabach.de\/wordpress\/wp-content\/uploads\/2025\/03\/petronella_krawall_im_huehnerstall-740x1016.jpg 740w, https:\/\/spielereischwabach.de\/wordpress\/wp-content\/uploads\/2025\/03\/petronella_krawall_im_huehnerstall.jpg 1282w\" sizes=\"(max-width: 219px) 100vw, 219px\" \/>\n\t\t<div class=\"figc no-description\">\n\t\t\t<div class=\"figc-inner\">\n\t\t\t\t\t\t\t\t\t\t\t\t\t\t\t<\/div>\n\t\t<\/div>\n\n\t<\/div>\n\n<\/div><div class=\"modula-item effect-pufrobo\" data-width=\"2\" data-height=\"2\" >\n\t<div class=\"modula-item-overlay\"><\/div>\n\n\t<div class=\"modula-item-content\">\n\n\t\t\t\t\n\t\t\t\t\t<a data-image-id=\"1312\" tabindex=\"0\" rel=\"jtg-1302\" data-caption=\"Oma Lore ist spurlos verschwunden. Pia ist zu allem bereit um sie zu finden.\nSie schlie\u00dft sich daf\u00fcr sogar mit dem nervigen Nachbarsjungen Pepe zusammen, der alles besser wei\u00df. Gemeinsam werden sie zu\u00a0\nKleinstadtdetektiven, L\u00fcgenbaronen, Geldf\u00e4lschern und erleben den au\u00dfergew\u00f6hnlichsten Sommer ihres Lebens...\n\n\n\nAb 9 Jahren\" aria-label=\"Open image in lightbox\" role=\"button\" class=\"tile-inner modula-item-link\"><\/a>\n\t\t\n\t\t<img class=\"pic wp-image-1312 lazyload\"  data-valign=\"middle\" data-halign=\"center\" alt=\"\" data-full=\"https:\/\/spielereischwabach.de\/wordpress\/wp-content\/uploads\/2025\/03\/ist_oma_noch_zu_retten-1.jpg\" title=\"ist_oma_noch_zu_retten\" width=\"215\" height=\"300\" data-src=\"https:\/\/spielereischwabach.de\/wordpress\/wp-content\/uploads\/2025\/03\/ist_oma_noch_zu_retten-1-215x300.jpg\" data-caption=\"Oma Lore ist spurlos verschwunden. Pia ist zu allem bereit um sie zu finden.\nSie schlie\u00dft sich daf\u00fcr sogar mit dem nervigen Nachbarsjungen Pepe zusammen, der alles besser wei\u00df. Gemeinsam werden sie zu\u00a0\nKleinstadtdetektiven, L\u00fcgenbaronen, Geldf\u00e4lschern und erleben den au\u00dfergew\u00f6hnlichsten Sommer ihres Lebens...\n\n\n\nAb 9 Jahren\" data-source=\"modula\" data-srcset=\"https:\/\/spielereischwabach.de\/wordpress\/wp-content\/uploads\/2025\/03\/ist_oma_noch_zu_retten-1.jpg 1282w, https:\/\/spielereischwabach.de\/wordpress\/wp-content\/uploads\/2025\/03\/ist_oma_noch_zu_retten-1-215x300.jpg 215w, https:\/\/spielereischwabach.de\/wordpress\/wp-content\/uploads\/2025\/03\/ist_oma_noch_zu_retten-1-735x1024.jpg 735w, https:\/\/spielereischwabach.de\/wordpress\/wp-content\/uploads\/2025\/03\/ist_oma_noch_zu_retten-1-768x1071.jpg 768w, https:\/\/spielereischwabach.de\/wordpress\/wp-content\/uploads\/2025\/03\/ist_oma_noch_zu_retten-1-1102x1536.jpg 1102w, https:\/\/spielereischwabach.de\/wordpress\/wp-content\/uploads\/2025\/03\/ist_oma_noch_zu_retten-1-370x516.jpg 370w, https:\/\/spielereischwabach.de\/wordpress\/wp-content\/uploads\/2025\/03\/ist_oma_noch_zu_retten-1-760x1059.jpg 760w, https:\/\/spielereischwabach.de\/wordpress\/wp-content\/uploads\/2025\/03\/ist_oma_noch_zu_retten-1-740x1031.jpg 740w\" data-sizes=\"(max-width: 215px) 100vw, 215px\" srcset=\"https:\/\/spielereischwabach.de\/wordpress\/wp-content\/uploads\/2025\/03\/ist_oma_noch_zu_retten-1-215x300.jpg 215w, https:\/\/spielereischwabach.de\/wordpress\/wp-content\/uploads\/2025\/03\/ist_oma_noch_zu_retten-1-735x1024.jpg 735w, https:\/\/spielereischwabach.de\/wordpress\/wp-content\/uploads\/2025\/03\/ist_oma_noch_zu_retten-1-768x1071.jpg 768w, https:\/\/spielereischwabach.de\/wordpress\/wp-content\/uploads\/2025\/03\/ist_oma_noch_zu_retten-1-1102x1536.jpg 1102w, https:\/\/spielereischwabach.de\/wordpress\/wp-content\/uploads\/2025\/03\/ist_oma_noch_zu_retten-1-370x516.jpg 370w, https:\/\/spielereischwabach.de\/wordpress\/wp-content\/uploads\/2025\/03\/ist_oma_noch_zu_retten-1-760x1059.jpg 760w, https:\/\/spielereischwabach.de\/wordpress\/wp-content\/uploads\/2025\/03\/ist_oma_noch_zu_retten-1-740x1031.jpg 740w, https:\/\/spielereischwabach.de\/wordpress\/wp-content\/uploads\/2025\/03\/ist_oma_noch_zu_retten-1.jpg 1282w\" sizes=\"(max-width: 215px) 100vw, 215px\" \/>\n\t\t<div class=\"figc\">\n\t\t\t<div class=\"figc-inner\">\n\t\t\t\t\t\t\t\t\t\t\t\t\t<p class=\"description\">Oma Lore ist spurlos verschwunden. Pia ist zu allem bereit um sie zu finden.\nSie schlie\u00dft sich daf\u00fcr sogar mit dem nervigen Nachbarsjungen Pepe zusammen, der alles besser wei\u00df. Gemeinsam werden sie zu\u00a0\nKleinstadtdetektiven, L\u00fcgenbaronen, Geldf\u00e4lschern und erleben den au\u00dfergew\u00f6hnlichsten Sommer ihres Lebens...\n\n\n\nAb 9 Jahren<\/p>\n\t\t\t\t\t\t\t\t\t\t\t<\/div>\n\t\t<\/div>\n\n\t<\/div>\n\n<\/div><div class=\"modula-item effect-pufrobo\" data-width=\"2\" data-height=\"2\" >\n\t<div class=\"modula-item-overlay\"><\/div>\n\n\t<div class=\"modula-item-content\">\n\n\t\t\t\t\n\t\t\t\t\t<a data-image-id=\"1566\" tabindex=\"0\" rel=\"jtg-1302\" data-caption=\"\" aria-label=\"Open image in lightbox\" role=\"button\" class=\"tile-inner modula-item-link\"><\/a>\n\t\t\n\t\t<img class=\"pic wp-image-1566 lazyload\"  data-valign=\"middle\" data-halign=\"center\" alt=\"\" data-full=\"https:\/\/spielereischwabach.de\/wordpress\/wp-content\/uploads\/2025\/10\/luna_mit_text-1.jpg\" title=\"luna_mit_text\" width=\"193\" height=\"300\" data-src=\"https:\/\/spielereischwabach.de\/wordpress\/wp-content\/uploads\/2025\/10\/luna_mit_text-1-193x300.jpg\" data-caption=\"\" data-source=\"modula\" data-srcset=\"https:\/\/spielereischwabach.de\/wordpress\/wp-content\/uploads\/2025\/10\/luna_mit_text-1.jpg 1282w, https:\/\/spielereischwabach.de\/wordpress\/wp-content\/uploads\/2025\/10\/luna_mit_text-1-193x300.jpg 193w, https:\/\/spielereischwabach.de\/wordpress\/wp-content\/uploads\/2025\/10\/luna_mit_text-1-660x1024.jpg 660w, https:\/\/spielereischwabach.de\/wordpress\/wp-content\/uploads\/2025\/10\/luna_mit_text-1-768x1192.jpg 768w, https:\/\/spielereischwabach.de\/wordpress\/wp-content\/uploads\/2025\/10\/luna_mit_text-1-990x1536.jpg 990w, https:\/\/spielereischwabach.de\/wordpress\/wp-content\/uploads\/2025\/10\/luna_mit_text-1-370x574.jpg 370w, https:\/\/spielereischwabach.de\/wordpress\/wp-content\/uploads\/2025\/10\/luna_mit_text-1-760x1179.jpg 760w, https:\/\/spielereischwabach.de\/wordpress\/wp-content\/uploads\/2025\/10\/luna_mit_text-1-740x1148.jpg 740w\" data-sizes=\"(max-width: 193px) 100vw, 193px\" srcset=\"https:\/\/spielereischwabach.de\/wordpress\/wp-content\/uploads\/2025\/10\/luna_mit_text-1-193x300.jpg 193w, https:\/\/spielereischwabach.de\/wordpress\/wp-content\/uploads\/2025\/10\/luna_mit_text-1-660x1024.jpg 660w, https:\/\/spielereischwabach.de\/wordpress\/wp-content\/uploads\/2025\/10\/luna_mit_text-1-768x1192.jpg 768w, https:\/\/spielereischwabach.de\/wordpress\/wp-content\/uploads\/2025\/10\/luna_mit_text-1-990x1536.jpg 990w, https:\/\/spielereischwabach.de\/wordpress\/wp-content\/uploads\/2025\/10\/luna_mit_text-1-370x574.jpg 370w, https:\/\/spielereischwabach.de\/wordpress\/wp-content\/uploads\/2025\/10\/luna_mit_text-1-760x1179.jpg 760w, https:\/\/spielereischwabach.de\/wordpress\/wp-content\/uploads\/2025\/10\/luna_mit_text-1-740x1148.jpg 740w, https:\/\/spielereischwabach.de\/wordpress\/wp-content\/uploads\/2025\/10\/luna_mit_text-1.jpg 1282w\" sizes=\"(max-width: 193px) 100vw, 193px\" \/>\n\t\t<div class=\"figc no-description\">\n\t\t\t<div class=\"figc-inner\">\n\t\t\t\t\t\t\t\t\t\t\t\t\t\t\t<\/div>\n\t\t<\/div>\n\n\t<\/div>\n\n<\/div>\t\t\n\t<\/div>\n\n\t\n\t\n\t<script type=\"application\/ld+json\">\n\t{\n\t\t\"@context\": \"http:\/\/schema.org\",\n\t\t\"@type\"   : \"ImageGallery\",\n\t\t\"id\"      : \"https:\/\/spielereischwabach.de\/wordpress\/our-services\/\",\n\t\t\"url\"     : \"https:\/\/spielereischwabach.de\/wordpress\/our-services\/\"\n\t}\n\n\t<\/script>\n\n\t\n<\/div><\/div><\/div>\r\n<p>[\/vc_column_text][\/vc_column][\/vc_row][vc_row][vc_column][vc_media_grid item=&#8221;basicGrid_NoAnimation&#8221; grid_id=&#8221;vc_gid:1765731590366-960d6675-12ce-0&#8243; include=&#8221;1935,1934,1933,1931&#8243;][\/vc_column][\/vc_row]<\/p><\/section>","protected":false},"excerpt":{"rendered":"<p>[vc_row][vc_column][vc_column_text] B\u00fccher [\/vc_column_text][vc_column_text][\/vc_column_text][\/vc_column][\/vc_row][vc_row][vc_column][vc_media_grid item=&#8221;basicGrid_NoAnimation&#8221; grid_id=&#8221;vc_gid:1765731590366-960d6675-12ce-0&#8243; include=&#8221;1935,1934,1933,1931&#8243;][\/vc_column][\/vc_row]<\/p>\n","protected":false},"author":1,"featured_media":0,"parent":0,"menu_order":0,"comment_status":"closed","ping_status":"closed","template":"","meta":{"footnotes":""},"class_list":["post-45","page","type-page","status-publish","hentry"],"_links":{"self":[{"href":"https:\/\/spielereischwabach.de\/wordpress\/wp-json\/wp\/v2\/pages\/45","targetHints":{"allow":["GET"]}}],"collection":[{"href":"https:\/\/spielereischwabach.de\/wordpress\/wp-json\/wp\/v2\/pages"}],"about":[{"href":"https:\/\/spielereischwabach.de\/wordpress\/wp-json\/wp\/v2\/types\/page"}],"author":[{"embeddable":true,"href":"https:\/\/spielereischwabach.de\/wordpress\/wp-json\/wp\/v2\/users\/1"}],"replies":[{"embeddable":true,"href":"https:\/\/spielereischwabach.de\/wordpress\/wp-json\/wp\/v2\/comments?post=45"}],"version-history":[{"count":7,"href":"https:\/\/spielereischwabach.de\/wordpress\/wp-json\/wp\/v2\/pages\/45\/revisions"}],"predecessor-version":[{"id":1928,"href":"https:\/\/spielereischwabach.de\/wordpress\/wp-json\/wp\/v2\/pages\/45\/revisions\/1928"}],"wp:attachment":[{"href":"https:\/\/spielereischwabach.de\/wordpress\/wp-json\/wp\/v2\/media?parent=45"}],"curies":[{"name":"wp","href":"https:\/\/api.w.org\/{rel}","templated":true}]}}