{"id":41,"date":"2017-10-10T08:47:03","date_gmt":"2017-10-10T08:47:03","guid":{"rendered":"https:\/\/spielereischwabach.de\/wordpress\/?page_id=41"},"modified":"2025-12-14T18:24:19","modified_gmt":"2025-12-14T17:24:19","slug":"geburtstag-2","status":"publish","type":"page","link":"https:\/\/spielereischwabach.de\/wordpress\/geburtstag-2\/","title":{"rendered":"Geburtstag"},"content":{"rendered":"<section class=\"wpb-content-wrapper\"><p>[vc_row][vc_column][vc_column_text]<\/p>\n<h5 style=\"text-align: center;\"><strong>Geburtstag<\/strong><\/h5>\n<p>[\/vc_column_text][vc_separator][vc_column_text]In der Spielerei Schwabach gibt es richtig gutes Spielzeug und liebevolle Geschenke: Babys erste Begleiter zum Schmusen, Greifen und Staunen, Puppen zum Liebhaben und Sch\u00f6nmachen, Prinzessinnen &amp; Ritter, Elfen &amp; Piraten, Verkleidungen und Kaufmannsladen, Outdoor-Spielzeug, ein gro\u00dfes Sortiment an Holzspielzeugen, eine B\u00fccherecke zum Schm\u00f6kern und Tr\u00e4umen, Kinderzimmerdeko und tausend andere kleine Sch\u00e4tze. Malen, Basteln, Handwerkeln, drau\u00dfen Spielen und knifflige Aufgaben l\u00f6sen &#8211; all das geht hier spielend leicht.<\/p>\n<p>Klicken Sie sich durch die Bildergalerie \u2013 oder kommen Sie bei uns in der K\u00f6nigstra\u00dfe vorbei! Sehen, f\u00fchlen und ausprobieren geht vor Ort doch immer noch am besten. Wir freuen uns auf Sie!<\/p>\n<p>&nbsp;<\/p>\n<p>[\/vc_column_text][\/vc_column][\/vc_row][vc_row][vc_column][vc_masonry_media_grid grid_id=&#8221;vc_gid:1765733021466-cc7912c7-eea2-6&#8243; include=&#8221;1955,1954,1953,1952&#8243;][\/vc_column][\/vc_row]<\/p>\n<\/section>","protected":false},"excerpt":{"rendered":"<p>[vc_row][vc_column][vc_column_text] Geburtstag [\/vc_column_text][vc_separator][vc_column_text]In der Spielerei Schwabach gibt es richtig gutes Spielzeug und liebevolle Geschenke: Babys erste Begleiter zum Schmusen, Greifen und Staunen, Puppen zum Liebhaben und Sch\u00f6nmachen, Prinzessinnen &amp; Ritter,&hellip;<\/p>\n","protected":false},"author":1,"featured_media":0,"parent":0,"menu_order":0,"comment_status":"closed","ping_status":"closed","template":"","meta":{"footnotes":""},"class_list":["post-41","page","type-page","status-publish","hentry"],"_links":{"self":[{"href":"https:\/\/spielereischwabach.de\/wordpress\/wp-json\/wp\/v2\/pages\/41","targetHints":{"allow":["GET"]}}],"collection":[{"href":"https:\/\/spielereischwabach.de\/wordpress\/wp-json\/wp\/v2\/pages"}],"about":[{"href":"https:\/\/spielereischwabach.de\/wordpress\/wp-json\/wp\/v2\/types\/page"}],"author":[{"embeddable":true,"href":"https:\/\/spielereischwabach.de\/wordpress\/wp-json\/wp\/v2\/users\/1"}],"replies":[{"embeddable":true,"href":"https:\/\/spielereischwabach.de\/wordpress\/wp-json\/wp\/v2\/comments?post=41"}],"version-history":[{"count":40,"href":"https:\/\/spielereischwabach.de\/wordpress\/wp-json\/wp\/v2\/pages\/41\/revisions"}],"predecessor-version":[{"id":1957,"href":"https:\/\/spielereischwabach.de\/wordpress\/wp-json\/wp\/v2\/pages\/41\/revisions\/1957"}],"wp:attachment":[{"href":"https:\/\/spielereischwabach.de\/wordpress\/wp-json\/wp\/v2\/media?parent=41"}],"curies":[{"name":"wp","href":"https:\/\/api.w.org\/{rel}","templated":true}]}}