{"id":35,"date":"2017-10-10T08:45:43","date_gmt":"2017-10-10T08:45:43","guid":{"rendered":"https:\/\/spielereischwabach.de\/wordpress\/?page_id=35"},"modified":"2026-04-08T11:08:11","modified_gmt":"2026-04-08T09:08:11","slug":"home-1","status":"publish","type":"page","link":"https:\/\/spielereischwabach.de\/wordpress\/","title":{"rendered":"Startseite"},"content":{"rendered":"<section class=\"wpb-content-wrapper\"><p>[vc_row][vc_column][\/vc_column][\/vc_row][vc_row][vc_column]<div class=\"cq-parallaxslider cq-parallaxslider-shape-sqaure  cq-parallaxslider-captionposition-bottom cq-parallaxslider-buttonposition-right cq-parallaxslider-active-grass cq-parallaxslider-border-mediumgray cq-parallaxslider-dotsize-16  \" data-autoslide=\"4\" data-autoheight=\"yes\" style=\"background-color:\" data-arrowhovercolor=\"\" data-arrowcolor=\"\" data-arrowbg=\"\" data-arrowhoverbg=\"\"><div class=\"swiper-wrapper\"><div class=\"cq-parallaxslider-item swiper-slide\"><div class=\"cq-parallaxslider-imgcontainer\" title=\"\"><div class=\"cq-parallaxslider-image\" style=\"background-image:url(https:\/\/spielereischwabach.de\/wordpress\/wp-content\/uploads\/2025\/10\/slider_team.jpg); \"><img decoding=\"async\" class=\"cq-parallaxslider-imageitem\" src=\"https:\/\/spielereischwabach.de\/wordpress\/wp-content\/uploads\/2025\/10\/slider_team.jpg\"><\/div><\/div><div class=\"cq-parallaxslider-content\"><\/div><\/div><div class=\"cq-parallaxslider-item swiper-slide\"><div class=\"cq-parallaxslider-imgcontainer\" title=\"\"><div class=\"cq-parallaxslider-image\" style=\"background-image:url(https:\/\/spielereischwabach.de\/wordpress\/wp-content\/uploads\/2025\/03\/1-slide2.jpg); \"><img decoding=\"async\" class=\"cq-parallaxslider-imageitem\" src=\"https:\/\/spielereischwabach.de\/wordpress\/wp-content\/uploads\/2025\/03\/1-slide2.jpg\"><\/div><\/div><div class=\"cq-parallaxslider-content\"><\/div><\/div><div class=\"cq-parallaxslider-item swiper-slide\"><div class=\"cq-parallaxslider-imgcontainer\" title=\"\"><div class=\"cq-parallaxslider-image\" style=\"background-image:url(https:\/\/spielereischwabach.de\/wordpress\/wp-content\/uploads\/2025\/03\/1-slide3.jpg); \"><img decoding=\"async\" class=\"cq-parallaxslider-imageitem\" src=\"https:\/\/spielereischwabach.de\/wordpress\/wp-content\/uploads\/2025\/03\/1-slide3.jpg\"><\/div><\/div><div class=\"cq-parallaxslider-content\"><\/div><\/div><div class=\"cq-parallaxslider-item swiper-slide\"><div class=\"cq-parallaxslider-imgcontainer\" title=\"\"><div class=\"cq-parallaxslider-image\" style=\"background-image:url(https:\/\/spielereischwabach.de\/wordpress\/wp-content\/uploads\/2025\/11\/slider-brillen.jpg); \"><img decoding=\"async\" class=\"cq-parallaxslider-imageitem\" src=\"https:\/\/spielereischwabach.de\/wordpress\/wp-content\/uploads\/2025\/11\/slider-brillen.jpg\"><\/div><\/div><div class=\"cq-parallaxslider-content\"><\/div><\/div><div class=\"cq-parallaxslider-item swiper-slide\"><div class=\"cq-parallaxslider-imgcontainer\" title=\"\"><div class=\"cq-parallaxslider-image\" style=\"background-image:url(https:\/\/spielereischwabach.de\/wordpress\/wp-content\/uploads\/2025\/11\/slider-fenster-weihnacht2.jpg); \"><img decoding=\"async\" class=\"cq-parallaxslider-imageitem\" src=\"https:\/\/spielereischwabach.de\/wordpress\/wp-content\/uploads\/2025\/11\/slider-fenster-weihnacht2.jpg\"><\/div><\/div><div class=\"cq-parallaxslider-content\"><\/div><\/div><\/div><div class=\"cq-parallaxslider-nav\"><\/div><div class=\"cq-parallaxslider-arrows\"><div class=\"swiper-button-prev cq-parallaxslider-button\" style=\"color:;background-color:\"><\/div>\n                    <div class=\"swiper-button-next cq-parallaxslider-button\" style=\"color:;background-color:\"><\/div><\/div><\/div>[\/vc_column][\/vc_row][vc_row][vc_column][vc_column_text]<\/p>\n<table>\n<tbody>\n<tr>\n<td style=\"background-color: transparent;\" align=\"center\" valign=\"top\"><a href=\"https:\/\/spielereischwabach.de\/wordpress\/sortiment\/\"><img loading=\"lazy\" decoding=\"async\" class=\"alignnone wp-image-1338 size-medium\" src=\"https:\/\/spielereischwabach.de\/wordpress\/wp-content\/uploads\/2025\/11\/r-i-sortiment.png\" alt=\"\" width=\"200\" height=\"200\" \/><\/a><\/p>\n<h6 style=\"margin-top: 0 !important;\"><a href=\"https:\/\/spielereischwabach.de\/wordpress\/sortiment\/\">Sortiment<\/a><\/h6>\n<\/td>\n<td style=\"background-color: transparent;\" align=\"center\" valign=\"top\"><a href=\"https:\/\/spielereischwabach.de\/wordpress\/geburtstag-2\/\"><img loading=\"lazy\" decoding=\"async\" class=\"alignnone wp-image-1338 size-medium\" src=\"https:\/\/spielereischwabach.de\/wordpress\/wp-content\/uploads\/2025\/11\/r-i-geburtstag.png\" alt=\"\" width=\"200\" height=\"200\" \/><\/a><\/p>\n<h6 style=\"margin-top: 0 !important;\"><a href=\"https:\/\/spielereischwabach.de\/wordpress\/geburtstag-2\/\">Geburtstag<\/a><\/h6>\n<\/td>\n<td style=\"background-color: transparent;\" align=\"center\" valign=\"top\"><a href=\"https:\/\/spielereischwabach.de\/wordpress\/buchtipp\/\"><img loading=\"lazy\" decoding=\"async\" class=\"alignnone wp-image-1338 size-medium\" src=\"https:\/\/spielereischwabach.de\/wordpress\/wp-content\/uploads\/2025\/11\/r-i-buchtip.png\" alt=\"\" width=\"200\" height=\"200\" \/><\/a><\/p>\n<h6 style=\"margin-top: 0 !important;\"><a href=\"https:\/\/spielereischwabach.de\/wordpress\/buchtipp\/\">Buch-Tipp<\/a><\/h6>\n<\/td>\n<td style=\"background-color: transparent;\" align=\"center\" valign=\"top\"><a href=\"https:\/\/arseg.de\/KLEINE_LEUTE\/2025\/Spielerei\/Magazin\/\" target=\"new\"><img loading=\"lazy\" decoding=\"async\" class=\"alignnone wp-image-1338 size-medium\" src=\"https:\/\/spielereischwabach.de\/wordpress\/wp-content\/uploads\/2025\/11\/r-i-katalog.png\" alt=\"\" width=\"200\" height=\"200\" \/><\/a><\/p>\n<h6 style=\"margin-top: 0 !important;\"><a href=\"https:\/\/arseg.de\/KLEINE_LEUTE\/2025\/Spielerei\/Magazin\/\">Katalog<\/a><\/h6>\n<\/td>\n<td style=\"background-color: transparent;\" align=\"center\" valign=\"top\"><a href=\"https:\/\/spielereischwabach.de\/wordpress\/ausleihen\/\"><img loading=\"lazy\" decoding=\"async\" class=\"alignnone wp-image-1338 size-medium\" src=\"https:\/\/spielereischwabach.de\/wordpress\/wp-content\/uploads\/2025\/11\/r-i-ausleihen.png\" alt=\"\" width=\"200\" height=\"200\" \/><\/a><\/p>\n<h6 style=\"margin-top: 0 !important;\"><a href=\"https:\/\/spielereischwabach.de\/wordpress\/ausleihen\/\">Ausleihen<\/a><\/h6>\n<\/td>\n<td style=\"background-color: transparent;\" align=\"center\" valign=\"top\"><a href=\"https:\/\/spielereischwabach.de\/wordpress\/service\/\"><img loading=\"lazy\" decoding=\"async\" class=\"alignnone wp-image-1338 size-medium\" src=\"https:\/\/spielereischwabach.de\/wordpress\/wp-content\/uploads\/2025\/11\/r-i-service.png\" alt=\"\" width=\"200\" height=\"200\" \/><\/a><\/p>\n<h6 style=\"margin-top: 0 !important;\"><a href=\"https:\/\/spielereischwabach.de\/wordpress\/service\/\">Service<\/a><\/h6>\n<\/td>\n<\/tr>\n<\/tbody>\n<\/table>\n<p>&nbsp;<\/p>\n<p>Wer in Schwabach richtig gutes Spielzeug sucht, kommt in die Spielerei in der K\u00f6nigstra\u00dfe!<br \/>\nHier gibt es kuschlige Lieblinge, beliebte Klassiker und Spiele, die nicht nur Spa\u00df machen, sondern nebenbei die Entwicklung Ihres Kindes f\u00f6rdern. B\u00fccher zum Schm\u00f6kern und Tr\u00e4umen, Kreatives und Abenteuerliches, Must-haves f\u00fcr coole Kids und vieles mehr. Bei uns finden Sie ein ganz besonderes Geschenk f\u00fcr Ihre Liebsten. Und ein kleines St\u00fcck Gl\u00fcckseligkeit.<\/p>\n<p>Wir freuen uns auf Sie!<\/p>\n<p>Ihre Spielerei Schwabach<\/p>\n<p>PS: Klar, dass wir auf diesen Seiten nur eine Auswahl zeigen k\u00f6nnen. Internet bleibt eben doch Internet und spielen, f\u00fchlen, ausprobieren geht immer noch live am besten&#8230; Gern stehen wir Ihnen beratend zur Seite und bestellen auch gezielt genau das, was Sie suchen.[\/vc_column_text][\/vc_column][\/vc_row][vc_row][vc_column][vc_separator][\/vc_column][\/vc_row][vc_row][vc_column width=&#8221;1\/3&#8243;][vc_single_image image=&#8221;1436&#8243; alignment=&#8221;center&#8221; onclick=&#8221;custom_link&#8221; img_link_target=&#8221;_blank&#8221; css=&#8221;.vc_custom_1760102538506{margin-top: 1em !important;}&#8221; link=&#8221;https:\/\/arseg.de\/KLEINE_LEUTE\/2025\/Spielerei\/Magazin\/&#8221;][vc_raw_html]JTNDY2VudGVyJTNFJTNDcCUzRSUzQ2ElMjBocmVmJTNEJTIyaHR0cHMlM0ElMkYlMkZhcnNlZy5kZSUyRktMRUlORV9MRVVURSUyRjIwMjUlMkZTcGllbGVyZWklMkZNYWdhemluJTJGJTIyJTIwdGFyZ2V0JTNEJTIyX25ldyUyMiUzRUFrdHVlbGxlciUyMEthdGFsb2clMjB6dW0lMjBCbCUyNmF1bWwlM0J0dGVybiUzQyUyRmElM0UlM0MlMkZwJTNFJTNDJTJGY2VudGVyJTNF[\/vc_raw_html][\/vc_column][vc_column width=&#8221;1\/3&#8243;][vc_single_image image=&#8221;2090&#8243; alignment=&#8221;center&#8221; onclick=&#8221;custom_link&#8221; css=&#8221;.vc_custom_1767857722095{margin-top: 1em !important;}&#8221; link=&#8221;https:\/\/www.instagram.com\/spielereischwabach\/&#8221;][vc_raw_html]JTNDY2VudGVyJTNFJTNDcCUzRVdpciUyMHBhY2tlbiUyMGFuJTNDJTJGcCUzRSUzQyUyRmNlbnRlciUzRQ==[\/vc_raw_html][\/vc_column][vc_column width=&#8221;1\/3&#8243;][vc_single_image image=&#8221;1968&#8243; add_caption=&#8221;yes&#8221; alignment=&#8221;center&#8221; onclick=&#8221;img_link_large&#8221; css=&#8221;.vc_custom_1767778298434{margin-top: 1em !important;}&#8221;][vc_raw_html]JTNDY2VudGVyJTNFJTNDcCUzRVVuc2VyZSUyMG5ldWVzdGUlMjBFbXBmZWhsdW5nJTNDJTJGcCUzRSUzQyUyRmNlbnRlciUzRQ==[\/vc_raw_html][\/vc_column][\/vc_row][vc_column][\/vc_column][vc_column][\/vc_column][vc_column][\/vc_column][vc_column][\/vc_column]<\/p>\n<\/section>","protected":false},"excerpt":{"rendered":"<p>[vc_row][vc_column][\/vc_column][\/vc_row][vc_row][vc_column][\/vc_column][\/vc_row][vc_row][vc_column][vc_column_text] Sortiment Geburtstag Buch-Tipp Katalog Ausleihen Service &nbsp; Wer in Schwabach richtig gutes Spielzeug sucht, kommt in die Spielerei in der K\u00f6nigstra\u00dfe! Hier gibt es kuschlige Lieblinge, beliebte Klassiker und&hellip;<\/p>\n","protected":false},"author":1,"featured_media":0,"parent":0,"menu_order":0,"comment_status":"closed","ping_status":"closed","template":"","meta":{"footnotes":""},"class_list":["post-35","page","type-page","status-publish","hentry"],"_links":{"self":[{"href":"https:\/\/spielereischwabach.de\/wordpress\/wp-json\/wp\/v2\/pages\/35","targetHints":{"allow":["GET"]}}],"collection":[{"href":"https:\/\/spielereischwabach.de\/wordpress\/wp-json\/wp\/v2\/pages"}],"about":[{"href":"https:\/\/spielereischwabach.de\/wordpress\/wp-json\/wp\/v2\/types\/page"}],"author":[{"embeddable":true,"href":"https:\/\/spielereischwabach.de\/wordpress\/wp-json\/wp\/v2\/users\/1"}],"replies":[{"embeddable":true,"href":"https:\/\/spielereischwabach.de\/wordpress\/wp-json\/wp\/v2\/comments?post=35"}],"version-history":[{"count":72,"href":"https:\/\/spielereischwabach.de\/wordpress\/wp-json\/wp\/v2\/pages\/35\/revisions"}],"predecessor-version":[{"id":2198,"href":"https:\/\/spielereischwabach.de\/wordpress\/wp-json\/wp\/v2\/pages\/35\/revisions\/2198"}],"wp:attachment":[{"href":"https:\/\/spielereischwabach.de\/wordpress\/wp-json\/wp\/v2\/media?parent=35"}],"curies":[{"name":"wp","href":"https:\/\/api.w.org\/{rel}","templated":true}]}}