{"id":1371,"date":"2025-10-09T14:10:40","date_gmt":"2025-10-09T12:10:40","guid":{"rendered":"https:\/\/spielereischwabach.de\/wordpress\/?page_id=1371"},"modified":"2026-01-08T10:00:59","modified_gmt":"2026-01-08T09:00:59","slug":"buchtipp","status":"publish","type":"page","link":"https:\/\/spielereischwabach.de\/wordpress\/buchtipp\/","title":{"rendered":"Buchtipp"},"content":{"rendered":"<section class=\"wpb-content-wrapper\"><p>[vc_row][vc_column][vc_column_text]<\/p>\n<h5 style=\"text-align: center;\"><strong>Buchtipp<\/strong><\/h5>\n<p>&nbsp;<\/p>\n<p>[\/vc_column_text][\/vc_column][\/vc_row][vc_row][vc_column][vc_column_text]Hier sehen Sie eine kleine Auswahl von empfehlenswerten B\u00fccher. Bei uns in der Spielerei k\u00f6nnen Sie jedoch nach Lust und Laune st\u00f6bern.<\/p>\n<p>&nbsp;<\/p>\n<p>[\/vc_column_text][\/vc_column][\/vc_row][vc_row][vc_column][vc_media_grid item=&#8221;masonryGrid_GoTop&#8221; grid_id=&#8221;vc_gid:1767862676812-2458b427-18ed-6&#8243; include=&#8221;1969,1970,1971,1968&#8243;][vc_separator][\/vc_column][\/vc_row]<\/p>\n<\/section>","protected":false},"excerpt":{"rendered":"<p>[vc_row][vc_column][vc_column_text] Buchtipp &nbsp; [\/vc_column_text][\/vc_column][\/vc_row][vc_row][vc_column][vc_column_text]Hier sehen Sie eine kleine Auswahl von empfehlenswerten B\u00fccher. Bei uns in der Spielerei k\u00f6nnen Sie jedoch nach Lust und Laune st\u00f6bern. &nbsp; [\/vc_column_text][\/vc_column][\/vc_row][vc_row][vc_column][vc_media_grid item=&#8221;masonryGrid_GoTop&#8221; grid_id=&#8221;vc_gid:1767862676812-2458b427-18ed-6&#8243; include=&#8221;1969,1970,1971,1968&#8243;][vc_separator][\/vc_column][\/vc_row]<\/p>\n","protected":false},"author":1,"featured_media":0,"parent":0,"menu_order":0,"comment_status":"closed","ping_status":"closed","template":"","meta":{"footnotes":""},"class_list":["post-1371","page","type-page","status-publish","hentry"],"_links":{"self":[{"href":"https:\/\/spielereischwabach.de\/wordpress\/wp-json\/wp\/v2\/pages\/1371","targetHints":{"allow":["GET"]}}],"collection":[{"href":"https:\/\/spielereischwabach.de\/wordpress\/wp-json\/wp\/v2\/pages"}],"about":[{"href":"https:\/\/spielereischwabach.de\/wordpress\/wp-json\/wp\/v2\/types\/page"}],"author":[{"embeddable":true,"href":"https:\/\/spielereischwabach.de\/wordpress\/wp-json\/wp\/v2\/users\/1"}],"replies":[{"embeddable":true,"href":"https:\/\/spielereischwabach.de\/wordpress\/wp-json\/wp\/v2\/comments?post=1371"}],"version-history":[{"count":38,"href":"https:\/\/spielereischwabach.de\/wordpress\/wp-json\/wp\/v2\/pages\/1371\/revisions"}],"predecessor-version":[{"id":2106,"href":"https:\/\/spielereischwabach.de\/wordpress\/wp-json\/wp\/v2\/pages\/1371\/revisions\/2106"}],"wp:attachment":[{"href":"https:\/\/spielereischwabach.de\/wordpress\/wp-json\/wp\/v2\/media?parent=1371"}],"curies":[{"name":"wp","href":"https:\/\/api.w.org\/{rel}","templated":true}]}}